{"id":7,"date":"2019-01-01T13:15:34","date_gmt":"2019-01-01T13:15:34","guid":{"rendered":"http:\/\/bb-three.com\/web\/?page_id=7"},"modified":"2022-05-04T12:02:44","modified_gmt":"2022-05-04T12:02:44","slug":"home-page","status":"publish","type":"page","link":"https:\/\/bb-three.com\/web","title":{"rendered":"Accueil"},"content":{"rendered":"<div class=\"vc_row wpb_row vc_row-fluid\"><div class=\"wpb_column vc_column_container vc_col-sm-12\"><div class=\"vc_column-inner \"><div class=\"wpb_wrapper\"><div id=\"1539673670321-a8653b25-7f2e\" class=\"dt-sc-empty-space\"><\/div><div class='dt-sc-title with-two-border with-sub-title '><h2>Enjoy My Baby<\/h2><h3>Pour la sant\u00e9 de votre b\u00e9b\u00e9<\/h3><\/div><div class=\"vc_row wpb_row vc_inner vc_row-fluid\"><div class=\"wpb_column vc_column_container vc_col-sm-4\"><div class=\"vc_column-inner \"><div class=\"wpb_wrapper\"><div id=\"1651661133497-2a3877f0-df81\" class=\"dt-sc-empty-space\"><\/div>\n\t<div class=\"wpb_text_column wpb_content_element  alignright\" >\n\t\t<div class=\"wpb_wrapper\">\n\t\t\t<p>Couche Enjoy My Baby est d&#8217;une qualit\u00e9 sup\u00e9rieure pour prot\u00e9ger votre b\u00e9b\u00e9.<br \/>\nFabriquer \u00e0 partir de mati\u00e8res premi\u00e8res r\u00e9pondant aux normes les plus vigoureuses en mati\u00e8re d\u2019hygi\u00e8ne corporelle et respect de l\u2019environnement.<\/p>\n\n\t\t<\/div>\n\t<\/div>\n<\/div><\/div><\/div><div class=\"wpb_column vc_column_container vc_col-sm-4\"  style=\" text-align:center; \"><div class=\"vc_column-inner \"><div class=\"wpb_wrapper\">\n\t<div  class=\"wpb_single_image wpb_content_element vc_align_center  vc_custom_1651660908748\">\n\t\t\n\t\t<figure class=\"wpb_wrapper vc_figure\">\n\t\t\t<div class=\"vc_single_image-wrapper   vc_box_border_grey\"><img loading=\"lazy\" decoding=\"async\" width=\"241\" height=\"355\" src=\"https:\/\/bb-three.com\/web\/wp-content\/uploads\/2022\/05\/acc-1.jpg\" class=\"vc_single_image-img attachment-full\" alt=\"\" srcset=\"https:\/\/bb-three.com\/web\/wp-content\/uploads\/2022\/05\/acc-1.jpg 241w, https:\/\/bb-three.com\/web\/wp-content\/uploads\/2022\/05\/acc-1-204x300.jpg 204w\" sizes=\"(max-width: 241px) 100vw, 241px\" \/><\/div>\n\t\t<\/figure>\n\t<\/div>\n<\/div><\/div><\/div><div class=\"wpb_column vc_column_container vc_col-sm-4\"><div class=\"vc_column-inner \"><div class=\"wpb_wrapper\"><div id=\"1651660986521-ff1a035a-ddc5\" class=\"dt-sc-empty-space\"><\/div><div class=\"uavc-list-icon uavc-list-icon-wrapper ult-adjust-bottom-margin   \"><ul class=\"uavc-list\"><li><div class=\"uavc-list-content\" id=\"list-icon-wrap-6671\">\n<div class=\"uavc-list-icon dt-sc-skin-color \" data-animation=\"\" data-animation-delay=\"03\" style=\"margin-right:20px;\"><div class=\"ult-just-icon-wrapper  \"><div class=\"align-icon\" style=\"text-align:center;\">\n<div class=\"aio-icon none \"  style=\"font-size:14px;display:inline-block;\">\n\t<i class=\"Defaults-leaf\"><\/i>\n<\/div><\/div><\/div>\n<\/div><span  data-ultimate-target='#list-icon-wrap-6671 .uavc-list-desc'  data-responsive-json-new='{\"font-size\":\"\",\"line-height\":\"\"}'  class=\"uavc-list-desc ult-responsive\" style=\"\">Compos\u00e9 de 70% de fibres naturelles<\/span><\/div><\/li><li><div class=\"uavc-list-content\" id=\"list-icon-wrap-4896\">\n<div class=\"uavc-list-icon dt-sc-skin-color \" data-animation=\"\" data-animation-delay=\"03\" style=\"margin-right:20px;\"><div class=\"ult-just-icon-wrapper  \"><div class=\"align-icon\" style=\"text-align:center;\">\n<div class=\"aio-icon none \"  style=\"font-size:14px;display:inline-block;\">\n\t<i class=\"Defaults-heart\"><\/i>\n<\/div><\/div><\/div>\n<\/div><span  data-ultimate-target='#list-icon-wrap-4896 .uavc-list-desc'  data-responsive-json-new='{\"font-size\":\"\",\"line-height\":\"\"}'  class=\"uavc-list-desc ult-responsive\" style=\"\">100% sans danger pour la peau de votre b\u00e9b\u00e9<\/span><\/div><\/li><li><div class=\"uavc-list-content\" id=\"list-icon-wrap-4824\">\n<div class=\"uavc-list-icon dt-sc-skin-color \" data-animation=\"\" data-animation-delay=\"03\" style=\"margin-right:20px;\"><div class=\"ult-just-icon-wrapper  \"><div class=\"align-icon\" style=\"text-align:center;\">\n<div class=\"aio-icon none \"  style=\"font-size:14px;display:inline-block;\">\n\t<i class=\"Defaults-shield\"><\/i>\n<\/div><\/div><\/div>\n<\/div><span  data-ultimate-target='#list-icon-wrap-4824 .uavc-list-desc'  data-responsive-json-new='{\"font-size\":\"\",\"line-height\":\"\"}'  class=\"uavc-list-desc ult-responsive\" style=\"\">Produit de haute qualit\u00e9<\/span><\/div><\/li><li><div class=\"uavc-list-content\" id=\"list-icon-wrap-9611\">\n<div class=\"uavc-list-icon dt-sc-skin-color \" data-animation=\"\" data-animation-delay=\"03\" style=\"margin-right:20px;\"><div class=\"ult-just-icon-wrapper  \"><div class=\"align-icon\" style=\"text-align:center;\">\n<div class=\"aio-icon none \"  style=\"font-size:14px;display:inline-block;\">\n\t<i class=\"Defaults-tint\"><\/i>\n<\/div><\/div><\/div>\n<\/div><span  data-ultimate-target='#list-icon-wrap-9611 .uavc-list-desc'  data-responsive-json-new='{\"font-size\":\"\",\"line-height\":\"\"}'  class=\"uavc-list-desc ult-responsive\" style=\"\">Gel Super absorbant<\/span><\/div><\/li><li><div class=\"uavc-list-content\" id=\"list-icon-wrap-9876\">\n<div class=\"uavc-list-icon dt-sc-skin-color \" data-animation=\"\" data-animation-delay=\"03\" style=\"margin-right:20px;\"><div class=\"ult-just-icon-wrapper  \"><div class=\"align-icon\" style=\"text-align:center;\">\n<div class=\"aio-icon none \"  style=\"font-size:14px;display:inline-block;\">\n\t<i class=\"Defaults-user-md\"><\/i>\n<\/div><\/div><\/div>\n<\/div><span  data-ultimate-target='#list-icon-wrap-9876 .uavc-list-desc'  data-responsive-json-new='{\"font-size\":\"\",\"line-height\":\"\"}'  class=\"uavc-list-desc ult-responsive\" style=\"\">Cr\u00e9\u00e9 par des professionnels de la sant\u00e9<\/span><\/div><\/li><\/ul><\/div><\/div><\/div><\/div><\/div><div id=\"1539682719578-fccbeb92-0a91\" class=\"dt-sc-empty-space\"><\/div><\/div><\/div><\/div><\/div><div data-vc-full-width=\"true\" data-vc-full-width-init=\"false\" class=\"vc_row wpb_row vc_row-fluid dt-sc-skin-highlight dt-sc-dark-bg gradient-bg\"><div class=\"wpb_column vc_column_container vc_col-sm-12\"><div class=\"vc_column-inner \"><div class=\"wpb_wrapper\"><div id=\"1539668827338-a3a637c9-979c\" class=\"dt-sc-empty-space\"><\/div><div class='dt-sc-title with-two-border with-sub-title '><h2>Du premier au sixi\u00e8me \u00e2ge<\/h2><h3>Pour une nuit douce<\/h3><\/div><div class=\"vc_row wpb_row vc_inner vc_row-fluid\"><div class=\"wpb_column vc_column_container vc_col-sm-2\"><div class=\"vc_column-inner \"><div class=\"wpb_wrapper\">\n\t<div  class=\"wpb_single_image wpb_content_element vc_align_center\">\n\t\t\n\t\t<figure class=\"wpb_wrapper vc_figure\">\n\t\t\t<div class=\"vc_single_image-wrapper   vc_box_border_grey\"><img loading=\"lazy\" decoding=\"async\" width=\"266\" height=\"350\" src=\"https:\/\/bb-three.com\/web\/wp-content\/uploads\/2020\/10\/1.jpg\" class=\"vc_single_image-img attachment-full\" alt=\"\" srcset=\"https:\/\/bb-three.com\/web\/wp-content\/uploads\/2020\/10\/1.jpg 266w, https:\/\/bb-three.com\/web\/wp-content\/uploads\/2020\/10\/1-228x300.jpg 228w\" sizes=\"(max-width: 266px) 100vw, 266px\" \/><\/div>\n\t\t<\/figure>\n\t<\/div>\n<\/div><\/div><\/div><div class=\"wpb_column vc_column_container vc_col-sm-2\"><div class=\"vc_column-inner \"><div class=\"wpb_wrapper\">\n\t<div  class=\"wpb_single_image wpb_content_element vc_align_center\">\n\t\t\n\t\t<figure class=\"wpb_wrapper vc_figure\">\n\t\t\t<div class=\"vc_single_image-wrapper   vc_box_border_grey\"><img loading=\"lazy\" decoding=\"async\" width=\"315\" height=\"415\" src=\"https:\/\/bb-three.com\/web\/wp-content\/uploads\/2022\/05\/3.jpg\" class=\"vc_single_image-img attachment-full\" alt=\"\" srcset=\"https:\/\/bb-three.com\/web\/wp-content\/uploads\/2022\/05\/3.jpg 315w, https:\/\/bb-three.com\/web\/wp-content\/uploads\/2022\/05\/3-228x300.jpg 228w, https:\/\/bb-three.com\/web\/wp-content\/uploads\/2022\/05\/3-300x395.jpg 300w\" sizes=\"(max-width: 315px) 100vw, 315px\" \/><\/div>\n\t\t<\/figure>\n\t<\/div>\n<\/div><\/div><\/div><div class=\"wpb_column vc_column_container vc_col-sm-2\"><div class=\"vc_column-inner \"><div class=\"wpb_wrapper\">\n\t<div  class=\"wpb_single_image wpb_content_element vc_align_center\">\n\t\t\n\t\t<figure class=\"wpb_wrapper vc_figure\">\n\t\t\t<div class=\"vc_single_image-wrapper   vc_box_border_grey\"><img loading=\"lazy\" decoding=\"async\" width=\"276\" height=\"413\" src=\"https:\/\/bb-three.com\/web\/wp-content\/uploads\/2022\/05\/4.jpg\" class=\"vc_single_image-img attachment-full\" alt=\"\" srcset=\"https:\/\/bb-three.com\/web\/wp-content\/uploads\/2022\/05\/4.jpg 276w, https:\/\/bb-three.com\/web\/wp-content\/uploads\/2022\/05\/4-200x300.jpg 200w\" sizes=\"(max-width: 276px) 100vw, 276px\" \/><\/div>\n\t\t<\/figure>\n\t<\/div>\n<\/div><\/div><\/div><div class=\"wpb_column vc_column_container vc_col-sm-2\"><div class=\"vc_column-inner \"><div class=\"wpb_wrapper\">\n\t<div  class=\"wpb_single_image wpb_content_element vc_align_center\">\n\t\t\n\t\t<figure class=\"wpb_wrapper vc_figure\">\n\t\t\t<div class=\"vc_single_image-wrapper   vc_box_border_grey\"><img loading=\"lazy\" decoding=\"async\" width=\"274\" height=\"415\" src=\"https:\/\/bb-three.com\/web\/wp-content\/uploads\/2022\/05\/5.jpg\" class=\"vc_single_image-img attachment-full\" alt=\"\" srcset=\"https:\/\/bb-three.com\/web\/wp-content\/uploads\/2022\/05\/5.jpg 274w, https:\/\/bb-three.com\/web\/wp-content\/uploads\/2022\/05\/5-198x300.jpg 198w\" sizes=\"(max-width: 274px) 100vw, 274px\" \/><\/div>\n\t\t<\/figure>\n\t<\/div>\n<\/div><\/div><\/div><div class=\"wpb_column vc_column_container vc_col-sm-2\"><div class=\"vc_column-inner \"><div class=\"wpb_wrapper\">\n\t<div  class=\"wpb_single_image wpb_content_element vc_align_center\">\n\t\t\n\t\t<figure class=\"wpb_wrapper vc_figure\">\n\t\t\t<div class=\"vc_single_image-wrapper   vc_box_border_grey\"><img loading=\"lazy\" decoding=\"async\" width=\"206\" height=\"350\" src=\"https:\/\/bb-three.com\/web\/wp-content\/uploads\/2020\/10\/1-6-2.jpg\" class=\"vc_single_image-img attachment-full\" alt=\"\" srcset=\"https:\/\/bb-three.com\/web\/wp-content\/uploads\/2020\/10\/1-6-2.jpg 206w, https:\/\/bb-three.com\/web\/wp-content\/uploads\/2020\/10\/1-6-2-177x300.jpg 177w\" sizes=\"(max-width: 206px) 100vw, 206px\" \/><\/div>\n\t\t<\/figure>\n\t<\/div>\n<\/div><\/div><\/div><div class=\"wpb_column vc_column_container vc_col-sm-2\"><div class=\"vc_column-inner \"><div class=\"wpb_wrapper\">\n\t<div  class=\"wpb_single_image wpb_content_element vc_align_center\">\n\t\t\n\t\t<figure class=\"wpb_wrapper vc_figure\">\n\t\t\t<div class=\"vc_single_image-wrapper   vc_box_border_grey\"><img loading=\"lazy\" decoding=\"async\" width=\"210\" height=\"350\" src=\"https:\/\/bb-three.com\/web\/wp-content\/uploads\/2020\/10\/6.jpg\" class=\"vc_single_image-img attachment-full\" alt=\"\" srcset=\"https:\/\/bb-three.com\/web\/wp-content\/uploads\/2020\/10\/6.jpg 210w, https:\/\/bb-three.com\/web\/wp-content\/uploads\/2020\/10\/6-180x300.jpg 180w\" sizes=\"(max-width: 210px) 100vw, 210px\" \/><\/div>\n\t\t<\/figure>\n\t<\/div>\n<\/div><\/div><\/div><\/div><div id=\"1539668767275-86fa469e-d722\" class=\"dt-sc-empty-space\"><\/div><\/div><\/div><\/div><\/div><div class=\"vc_row-full-width vc_clearfix\"><\/div><div class=\"vc_row wpb_row vc_row-fluid vc_custom_1540559565653\"><div class=\"wpb_column vc_column_container vc_col-sm-12\"><div class=\"vc_column-inner \"><div class=\"wpb_wrapper\"><div id=\"1540190083292-cee20bac-8583\" class=\"dt-sc-empty-space\"><\/div><div class='dt-sc-title with-two-border with-sub-title '><h2>Enjoy My Baby<\/h2><h3>Technologie Allemande<\/h3><\/div><div id=\"1539668390988-eed68d63-b71a\" class=\"dt-sc-empty-space\"><\/div><\/div><\/div><\/div><div class=\"wpb_column vc_column_container vc_col-sm-3\"><div class=\"vc_column-inner \"><div class=\"wpb_wrapper\"><div class='dt-sc-icon-box type3 style no-icon-bg'><div class=\"icon-wrapper\"><span><img loading=\"lazy\" decoding=\"async\" width=\"114\" height=\"114\" src=\"https:\/\/bb-three.com\/web\/wp-content\/uploads\/2020\/10\/qualite.png\" class=\"attachment-full\" alt=\"\" srcset=\"https:\/\/bb-three.com\/web\/wp-content\/uploads\/2020\/10\/qualite.png 114w, https:\/\/bb-three.com\/web\/wp-content\/uploads\/2020\/10\/qualite-100x100.png 100w\" sizes=\"(max-width: 114px) 100vw, 114px\" \/><\/span><\/div><div class=\"icon-content\"><h4><a href='#' title='' target='_self'>Qualit\u00e9<\/a><\/h4><p><\/p><\/div><\/div><div id=\"1543226107223-a553de2b-d043\" class=\"dt-sc-empty-space\"><\/div><\/div><\/div><\/div><div class=\"wpb_column vc_column_container vc_col-sm-3\"><div class=\"vc_column-inner \"><div class=\"wpb_wrapper\"><div class='dt-sc-icon-box type3 style'><div class=\"icon-wrapper\"><span><img loading=\"lazy\" decoding=\"async\" width=\"114\" height=\"114\" src=\"https:\/\/bb-three.com\/web\/wp-content\/uploads\/2020\/10\/tech.png\" class=\"attachment-full\" alt=\"\" srcset=\"https:\/\/bb-three.com\/web\/wp-content\/uploads\/2020\/10\/tech.png 114w, https:\/\/bb-three.com\/web\/wp-content\/uploads\/2020\/10\/tech-100x100.png 100w\" sizes=\"(max-width: 114px) 100vw, 114px\" \/><\/span><\/div><div class=\"icon-content\"><h4><a href='#' title='' target='_self'>Technologie Allemande<\/a><\/h4><p><\/p><\/div><\/div><div id=\"1542115211835-05c61691-faa8\" class=\"dt-sc-empty-space\"><\/div><\/div><\/div><\/div><div class=\"wpb_column vc_column_container vc_col-sm-3\"><div class=\"vc_column-inner \"><div class=\"wpb_wrapper\"><div class='dt-sc-icon-box type3 style'><div class=\"icon-wrapper\"><span><img loading=\"lazy\" decoding=\"async\" width=\"114\" height=\"114\" src=\"https:\/\/bb-three.com\/web\/wp-content\/uploads\/2020\/10\/protect.png\" class=\"attachment-full\" alt=\"\" srcset=\"https:\/\/bb-three.com\/web\/wp-content\/uploads\/2020\/10\/protect.png 114w, https:\/\/bb-three.com\/web\/wp-content\/uploads\/2020\/10\/protect-100x100.png 100w\" sizes=\"(max-width: 114px) 100vw, 114px\" \/><\/span><\/div><div class=\"icon-content\"><h4><a href='#' title='' target='_self'>Protection<\/a><\/h4><p><\/p><\/div><\/div><div id=\"1543226113422-726dab50-bf4b\" class=\"dt-sc-empty-space\"><\/div><\/div><\/div><\/div><div class=\"wpb_column vc_column_container vc_col-sm-3\"><div class=\"vc_column-inner \"><div class=\"wpb_wrapper\"><div class='dt-sc-icon-box type3 style'><div class=\"icon-wrapper\"><span><img loading=\"lazy\" decoding=\"async\" width=\"114\" height=\"114\" src=\"https:\/\/bb-three.com\/web\/wp-content\/uploads\/2020\/10\/douceur.jpg\" class=\"attachment-full\" alt=\"\" srcset=\"https:\/\/bb-three.com\/web\/wp-content\/uploads\/2020\/10\/douceur.jpg 114w, https:\/\/bb-three.com\/web\/wp-content\/uploads\/2020\/10\/douceur-100x100.jpg 100w\" sizes=\"(max-width: 114px) 100vw, 114px\" \/><\/span><\/div><div class=\"icon-content\"><h4><a href='#' title='' target='_self'>Douceur<\/a><\/h4><p><\/p><\/div><\/div><div id=\"1543226107453-13dbf718-32fa\" class=\"dt-sc-empty-space\"><\/div><\/div><\/div><\/div><\/div><div class=\"vc_row wpb_row vc_row-fluid vc_custom_1540559565653\"><div class=\"wpb_column vc_column_container vc_col-sm-12\"><div class=\"vc_column-inner \"><div class=\"wpb_wrapper\"><div id=\"1651663171614-bd1f8f94-c4b3\" class=\"dt-sc-empty-space\"><\/div><div class='dt-sc-title with-two-border with-sub-title '><h2>Vid\u00e9os<\/h2><h3>Technologie Allemande<\/h3><\/div><div id=\"1651663171657-1719323e-9757\" class=\"dt-sc-empty-space\"><\/div><\/div><\/div><\/div><\/div><div class=\"vc_row wpb_row vc_row-fluid\"><div class=\"wpb_column vc_column_container vc_col-sm-6\"><div class=\"vc_column-inner \"><div class=\"wpb_wrapper\">\n\t<div class=\"wpb_text_column wpb_content_element \" >\n\t\t<div class=\"wpb_wrapper\">\n\t\t\t\r\n        <div class='html5_video_players' style=\"width:100%;\" data-nonce=\"b389c332c1\" data-attributes=\"{&quot;options&quot;:{&quot;controls&quot;:[&quot;play-large&quot;,&quot;play&quot;,&quot;progress&quot;,&quot;current-time&quot;,&quot;mute&quot;,&quot;volume&quot;,&quot;captions&quot;,&quot;settings&quot;,&quot;fullscreen&quot;],&quot;tooltips&quot;:{&quot;controls&quot;:true,&quot;seek&quot;:true},&quot;seekTime&quot;:10,&quot;loop&quot;:{&quot;active&quot;:false},&quot;autoplay&quot;:false,&quot;muted&quot;:false,&quot;hideControls&quot;:true,&quot;resetOnEnd&quot;:false,&quot;captions&quot;:{&quot;active&quot;:true,&quot;language&quot;:&quot;auto&quot;,&quot;update&quot;:false},&quot;ratio&quot;:null,&quot;speed&quot;:{&quot;selected&quot;:1,&quot;options&quot;:[&quot;0.5&quot;,&quot;0.75&quot;,1,&quot;1.25&quot;,&quot;1.5&quot;,&quot;1.75&quot;,2,&quot;2.5&quot;,3]},&quot;storage&quot;:{&quot;enabled&quot;:true},&quot;urls&quot;:{&quot;download&quot;:null},&quot;markers&quot;:{&quot;enabled&quot;:false,&quot;points&quot;:[]},&quot;ads&quot;:{&quot;enabled&quot;:false},&quot;disablePause&quot;:false},&quot;additionalID&quot;:&quot;&quot;,&quot;features&quot;:{&quot;overlay&quot;:{&quot;enabled&quot;:false,&quot;items&quot;:[{&quot;color&quot;:&quot;#ffffff&quot;,&quot;hoverColor&quot;:&quot;#ffffff&quot;,&quot;fontSize&quot;:&quot;20px&quot;,&quot;link&quot;:&quot;#&quot;,&quot;logo&quot;:false,&quot;position&quot;:&quot;top_right&quot;,&quot;text&quot;:false,&quot;type&quot;:&quot;logo&quot;,&quot;backgroundColor&quot;:&quot;#333&quot;,&quot;opacity&quot;:0.8}]},&quot;sticky&quot;:{&quot;enabled&quot;:false,&quot;position&quot;:&quot;top_right&quot;},&quot;chapters&quot;:[],&quot;watermark&quot;:[],&quot;thumbInPause&quot;:{&quot;enabled&quot;:false,&quot;type&quot;:&quot;default&quot;},&quot;endScreen&quot;:{&quot;enabled&quot;:false,&quot;text&quot;:&quot;Endscreen text&quot;,&quot;btnText&quot;:&quot;Watch Again&quot;,&quot;btnLink&quot;:&quot;#&quot;},&quot;popup&quot;:{&quot;enabled&quot;:false,&quot;selector&quot;:false,&quot;hasBtn&quot;:false,&quot;type&quot;:&quot;poster&quot;,&quot;btnText&quot;:&quot;Watch Video&quot;,&quot;btnStyle&quot;:{&quot;color&quot;:&quot;#fff&quot;,&quot;backgroundColor&quot;:&quot;#006BA1&quot;,&quot;fontSize&quot;:&quot;16px&quot;,&quot;padding&quot;:{&quot;top&quot;:&quot;10px&quot;,&quot;right&quot;:&quot;20px&quot;,&quot;bottom&quot;:&quot;10px&quot;,&quot;left&quot;:&quot;20px&quot;},&quot;align&quot;:&quot;center&quot;}},&quot;hideLoadingPlaceholder&quot;:false},&quot;data&quot;:[],&quot;propagans&quot;:false,&quot;customDownloadURL&quot;:false,&quot;captionEnabled&quot;:false,&quot;disableDownload&quot;:false,&quot;disablePause&quot;:false,&quot;startTime&quot;:0,&quot;thumbInPause&quot;:false,&quot;thumbStyle&quot;:&quot;default&quot;,&quot;autoplayWhenVisible&quot;:false,&quot;saveState&quot;:true,&quot;protected&quot;:false,&quot;captions&quot;:[{&quot;label&quot;:&quot;label&quot;,&quot;caption_file&quot;:&quot;&quot;}],&quot;qualities&quot;:[],&quot;source&quot;:&quot;http:\\\/\\\/bb-three.com\\\/web\\\/wp-content\\\/uploads\\\/2022\\\/05\\\/279528904_537311621338479_7255298853094056076_n.mp4&quot;,&quot;poster&quot;:false,&quot;hideYoutubeUI&quot;:false,&quot;branding&quot;:{&quot;enabled&quot;:false,&quot;color&quot;:&quot;#ffffff&quot;},&quot;styles&quot;:{&quot;something sdk.sdkf#lsd&quot;:{&quot;width&quot;:&quot;100%&quot;}}}\">\r\n            <div class=\"preload_poster\" style=\"background: url();background-position: 50% 50%;overflow:hidden;aspect-ratio:\">\r\n                <svg width=\"36px\" height=\"36px\" viewBox=\"0 0 15 15\" fill=\"none\" xmlns=\"http:\/\/www.w3.org\/2000\/svg\">\r\n                    <path d=\"M4.79062 2.09314C4.63821 1.98427 4.43774 1.96972 4.27121 2.05542C4.10467 2.14112 4 2.31271 4 2.5V12.5C4 12.6873 4.10467 12.8589 4.27121 12.9446C4.43774 13.0303 4.63821 13.0157 4.79062 12.9069L11.7906 7.90687C11.922 7.81301 12 7.66148 12 7.5C12 7.33853 11.922 7.18699 11.7906 7.09314L4.79062 2.09314Z\" fill=\"#fff\"\/>\r\n                <\/svg>\r\n            <\/div>\r\n        <\/div>\r\n        \n\n\t\t<\/div>\n\t<\/div>\n<\/div><\/div><\/div><div class=\"wpb_column vc_column_container vc_col-sm-6\"><div class=\"vc_column-inner \"><div class=\"wpb_wrapper\">\n\t<div class=\"wpb_text_column wpb_content_element \" >\n\t\t<div class=\"wpb_wrapper\">\n\t\t\t\r\n        <div class='html5_video_players' style=\"width:100%;\" data-nonce=\"b389c332c1\" data-attributes=\"{&quot;options&quot;:{&quot;controls&quot;:[&quot;play-large&quot;,&quot;play&quot;,&quot;progress&quot;,&quot;current-time&quot;,&quot;mute&quot;,&quot;volume&quot;,&quot;captions&quot;,&quot;settings&quot;,&quot;fullscreen&quot;],&quot;tooltips&quot;:{&quot;controls&quot;:true,&quot;seek&quot;:true},&quot;seekTime&quot;:10,&quot;loop&quot;:{&quot;active&quot;:false},&quot;autoplay&quot;:false,&quot;muted&quot;:false,&quot;hideControls&quot;:true,&quot;resetOnEnd&quot;:false,&quot;captions&quot;:{&quot;active&quot;:true,&quot;language&quot;:&quot;auto&quot;,&quot;update&quot;:false},&quot;ratio&quot;:null,&quot;speed&quot;:{&quot;selected&quot;:1,&quot;options&quot;:[&quot;0.5&quot;,&quot;0.75&quot;,1,&quot;1.25&quot;,&quot;1.5&quot;,&quot;1.75&quot;,2,&quot;2.5&quot;,3]},&quot;storage&quot;:{&quot;enabled&quot;:true},&quot;urls&quot;:{&quot;download&quot;:null},&quot;markers&quot;:{&quot;enabled&quot;:false,&quot;points&quot;:[]},&quot;ads&quot;:{&quot;enabled&quot;:false},&quot;disablePause&quot;:false},&quot;additionalID&quot;:&quot;&quot;,&quot;features&quot;:{&quot;overlay&quot;:{&quot;enabled&quot;:false,&quot;items&quot;:[{&quot;color&quot;:&quot;#ffffff&quot;,&quot;hoverColor&quot;:&quot;#ffffff&quot;,&quot;fontSize&quot;:&quot;20px&quot;,&quot;link&quot;:&quot;#&quot;,&quot;logo&quot;:false,&quot;position&quot;:&quot;top_right&quot;,&quot;text&quot;:false,&quot;type&quot;:&quot;logo&quot;,&quot;backgroundColor&quot;:&quot;#333&quot;,&quot;opacity&quot;:0.8}]},&quot;sticky&quot;:{&quot;enabled&quot;:false,&quot;position&quot;:&quot;top_right&quot;},&quot;chapters&quot;:[],&quot;watermark&quot;:[],&quot;thumbInPause&quot;:{&quot;enabled&quot;:false,&quot;type&quot;:&quot;default&quot;},&quot;endScreen&quot;:{&quot;enabled&quot;:false,&quot;text&quot;:&quot;Endscreen text&quot;,&quot;btnText&quot;:&quot;Watch Again&quot;,&quot;btnLink&quot;:&quot;#&quot;},&quot;popup&quot;:{&quot;enabled&quot;:false,&quot;selector&quot;:false,&quot;hasBtn&quot;:false,&quot;type&quot;:&quot;poster&quot;,&quot;btnText&quot;:&quot;Watch Video&quot;,&quot;btnStyle&quot;:{&quot;color&quot;:&quot;#fff&quot;,&quot;backgroundColor&quot;:&quot;#006BA1&quot;,&quot;fontSize&quot;:&quot;16px&quot;,&quot;padding&quot;:{&quot;top&quot;:&quot;10px&quot;,&quot;right&quot;:&quot;20px&quot;,&quot;bottom&quot;:&quot;10px&quot;,&quot;left&quot;:&quot;20px&quot;},&quot;align&quot;:&quot;center&quot;}},&quot;hideLoadingPlaceholder&quot;:false},&quot;data&quot;:[],&quot;propagans&quot;:false,&quot;customDownloadURL&quot;:false,&quot;captionEnabled&quot;:false,&quot;disableDownload&quot;:false,&quot;disablePause&quot;:false,&quot;startTime&quot;:0,&quot;thumbInPause&quot;:false,&quot;thumbStyle&quot;:&quot;default&quot;,&quot;autoplayWhenVisible&quot;:false,&quot;saveState&quot;:true,&quot;protected&quot;:false,&quot;captions&quot;:[{&quot;label&quot;:&quot;label&quot;,&quot;caption_file&quot;:&quot;&quot;}],&quot;qualities&quot;:[],&quot;source&quot;:&quot;http:\\\/\\\/bb-three.com\\\/web\\\/wp-content\\\/uploads\\\/2022\\\/05\\\/278181780_756005935383489_9074351007785532968_n.mp4&quot;,&quot;poster&quot;:false,&quot;hideYoutubeUI&quot;:false,&quot;branding&quot;:{&quot;enabled&quot;:false,&quot;color&quot;:&quot;#ffffff&quot;},&quot;styles&quot;:{&quot;something sdk.sdkf#lsd&quot;:{&quot;width&quot;:&quot;100%&quot;}}}\">\r\n            <div class=\"preload_poster\" style=\"background: url();background-position: 50% 50%;overflow:hidden;aspect-ratio:\">\r\n                <svg width=\"36px\" height=\"36px\" viewBox=\"0 0 15 15\" fill=\"none\" xmlns=\"http:\/\/www.w3.org\/2000\/svg\">\r\n                    <path d=\"M4.79062 2.09314C4.63821 1.98427 4.43774 1.96972 4.27121 2.05542C4.10467 2.14112 4 2.31271 4 2.5V12.5C4 12.6873 4.10467 12.8589 4.27121 12.9446C4.43774 13.0303 4.63821 13.0157 4.79062 12.9069L11.7906 7.90687C11.922 7.81301 12 7.66148 12 7.5C12 7.33853 11.922 7.18699 11.7906 7.09314L4.79062 2.09314Z\" fill=\"#fff\"\/>\r\n                <\/svg>\r\n            <\/div>\r\n        <\/div>\r\n        \n\n\t\t<\/div>\n\t<\/div>\n<\/div><\/div><\/div><\/div>\n","protected":false},"excerpt":{"rendered":"Enjoy My BabyPour la sant\u00e9 de votre b\u00e9b\u00e9 Couche Enjoy My Baby est d'une qualit\u00e9 sup\u00e9rieure pour prot\u00e9ger votre b\u00e9b\u00e9. Fabriquer \u00e0 partir de mati\u00e8res premi\u00e8res r\u00e9pondant aux normes les plus vigoureuses en mati\u00e8re d\u2019hygi\u00e8ne corporelle et respect de l\u2019environnement. Compos\u00e9 de 70% de fibres naturelles 100% sans danger pour la peau de votre b\u00e9b\u00e9 [...]","protected":false},"author":1,"featured_media":0,"parent":0,"menu_order":0,"comment_status":"open","ping_status":"closed","template":"","meta":{"footnotes":""},"_links":{"self":[{"href":"https:\/\/bb-three.com\/web\/wp-json\/wp\/v2\/pages\/7"}],"collection":[{"href":"https:\/\/bb-three.com\/web\/wp-json\/wp\/v2\/pages"}],"about":[{"href":"https:\/\/bb-three.com\/web\/wp-json\/wp\/v2\/types\/page"}],"author":[{"embeddable":true,"href":"https:\/\/bb-three.com\/web\/wp-json\/wp\/v2\/users\/1"}],"replies":[{"embeddable":true,"href":"https:\/\/bb-three.com\/web\/wp-json\/wp\/v2\/comments?post=7"}],"version-history":[{"count":26,"href":"https:\/\/bb-three.com\/web\/wp-json\/wp\/v2\/pages\/7\/revisions"}],"predecessor-version":[{"id":9325,"href":"https:\/\/bb-three.com\/web\/wp-json\/wp\/v2\/pages\/7\/revisions\/9325"}],"wp:attachment":[{"href":"https:\/\/bb-three.com\/web\/wp-json\/wp\/v2\/media?parent=7"}],"curies":[{"name":"wp","href":"https:\/\/api.w.org\/{rel}","templated":true}]}}