{"id":5799,"date":"2019-01-01T07:48:30","date_gmt":"2019-01-01T07:48:30","guid":{"rendered":"http:\/\/bb-three.com\/web\/?page_id=5799"},"modified":"2022-05-04T12:03:55","modified_gmt":"2022-05-04T12:03:55","slug":"produits","status":"publish","type":"page","link":"https:\/\/bb-three.com\/web\/produits\/","title":{"rendered":"Produits"},"content":{"rendered":"<div class=\"vc_row wpb_row vc_row-fluid\"><div class=\"wpb_column vc_column_container vc_col-sm-12\"><div class=\"vc_column-inner \"><div class=\"wpb_wrapper\"><div id=\"1540365693816-000fec8d-a8f3\" class=\"dt-sc-empty-space\"><\/div>\n\t<div  class=\"wpb_single_image wpb_content_element vc_align_center\">\n\t\t\n\t\t<figure class=\"wpb_wrapper vc_figure\">\n\t\t\t<div class=\"vc_single_image-wrapper   vc_box_border_grey\"><img loading=\"lazy\" decoding=\"async\" width=\"1000\" height=\"932\" src=\"https:\/\/bb-three.com\/web\/wp-content\/uploads\/2022\/05\/produit.jpg\" class=\"vc_single_image-img attachment-full\" alt=\"\" srcset=\"https:\/\/bb-three.com\/web\/wp-content\/uploads\/2022\/05\/produit.jpg 1000w, https:\/\/bb-three.com\/web\/wp-content\/uploads\/2022\/05\/produit-300x280.jpg 300w, https:\/\/bb-three.com\/web\/wp-content\/uploads\/2022\/05\/produit-768x716.jpg 768w, https:\/\/bb-three.com\/web\/wp-content\/uploads\/2022\/05\/produit-750x699.jpg 750w, https:\/\/bb-three.com\/web\/wp-content\/uploads\/2022\/05\/produit-540x503.jpg 540w\" sizes=\"(max-width: 1000px) 100vw, 1000px\" \/><\/div>\n\t\t<\/figure>\n\t<\/div>\n<\/div><\/div><\/div><\/div><div class=\"vc_row wpb_row vc_row-fluid\"><div class=\"wpb_column vc_column_container vc_col-sm-12\"><div class=\"vc_column-inner \"><div class=\"wpb_wrapper\"><div id=\"1542950128857-b9198d48-db1d\" class=\"dt-sc-empty-space\"><\/div><\/div><\/div><\/div><div class=\"rs_col-sm-12 wpb_column vc_column_container vc_col-sm-8\"><div class=\"vc_column-inner \"><div class=\"wpb_wrapper\"><div class='dt-sc-tabs-horizontal-frame-container spalab' data-effect='fade'><ul class='dt-sc-tabs-horizontal-frame'><li><a href=\"javascript:void(0);\">Composition<\/a><\/li><li><a href=\"javascript:void(0);\">Utilisation<\/a><\/li><li><a href=\"javascript:void(0);\">Conseils<\/a><\/li><\/ul><div class='dt-sc-tabs-horizontal-frame-content'>\n\t<div class=\"wpb_text_column wpb_content_element  vc_custom_1603638988552\" >\n\t\t<div class=\"wpb_wrapper\">\n\t\t\t<p>Couche b\u00e9b\u00e9\u00a0<strong>Enjoy <\/strong>est\u00a0de qualit\u00e9 sup\u00e9rieure pour prot\u00e9ger votre b\u00e9b\u00e9 fabriqu\u00e9e \u00e0 partir de mati\u00e8res premi\u00e8res r\u00e9pondant aux normes les plus vigoureuses en mati\u00e8res d\u2019hygi\u00e8ne corporelle et respect de l\u2019environnement.\u200b\u200b<\/p>\n\n\t\t<\/div>\n\t<\/div>\n<ul class='dt-sc-fancy-list   arrow'>\n<li>Tissu en polypropylene.<\/li>\n<li>Super absorbant-Scartch-Pate de bois.<\/li>\n<li>Elastique en latex-Colle.<\/li>\n<li>Barriers en polypropylene.<\/li>\n<\/ul><\/div><div class='dt-sc-tabs-horizontal-frame-content'><ul class=\"dt-sc-fancy-list globe\">\n<li>Positionnez votre b\u00e9b\u00e9<\/li>\n<li>Serrez les attaches.<\/li>\n<li>Fermez les attache.<\/li>\n<li>V\u00e9rifier les barri\u00e8res antifuites.<\/li>\n<\/ul><\/div><div class='dt-sc-tabs-horizontal-frame-content'><ul class=\"dt-sc-fancy-list globe\">\n<li>Gardez ce sachet hors de port\u00e9e des enfants .<\/li>\n<li>A utiliser de pr\u00e9f\u00e9rence avant 30 mois \u00e0 partir de la date de fabrication .<\/li>\n<\/ul><\/div><\/div><div id=\"1542193712823-78b1c49e-9a8d\" class=\"dt-sc-empty-space\"><\/div><\/div><\/div><\/div><div class=\"rs_col-sm-12 wpb_column vc_column_container vc_col-sm-4\"><div class=\"vc_column-inner \"><div class=\"wpb_wrapper\">\n\t<div  class=\"wpb_single_image wpb_content_element vc_align_center\">\n\t\t\n\t\t<figure class=\"wpb_wrapper vc_figure\">\n\t\t\t<div class=\"vc_single_image-wrapper   vc_box_border_grey\"><img loading=\"lazy\" decoding=\"async\" class=\"vc_single_image-img \" src=\"https:\/\/bb-three.com\/web\/wp-content\/uploads\/2020\/10\/300x400-300x400.jpg\" width=\"300\" height=\"400\" alt=\"300x400\" title=\"300x400\" \/><\/div>\n\t\t<\/figure>\n\t<\/div>\n<div id=\"1540294468751-2094adfd-f21a\" class=\"dt-sc-empty-space\"><\/div><\/div><\/div><\/div><\/div><div data-vc-full-width=\"true\" data-vc-full-width-init=\"false\" class=\"vc_row wpb_row vc_row-fluid dt-sc-skin-highlight dt-sc-dark-bg gradient-bg\"><div class=\"wpb_column vc_column_container vc_col-sm-12\"><div class=\"vc_column-inner \"><div class=\"wpb_wrapper\"><div id=\"1651664580172-e50f9205-7411\" class=\"dt-sc-empty-space\"><\/div><div class='dt-sc-title with-two-border with-sub-title '><h2>Du premier au sixi\u00e8me age<\/h2><h3>Pour une nuit douce<\/h3><\/div><div class=\"vc_row wpb_row vc_inner vc_row-fluid\"><div class=\"wpb_column vc_column_container vc_col-sm-2\"><div class=\"vc_column-inner \"><div class=\"wpb_wrapper\">\n\t<div  class=\"wpb_single_image wpb_content_element vc_align_left\">\n\t\t\n\t\t<figure class=\"wpb_wrapper vc_figure\">\n\t\t\t<div class=\"vc_single_image-wrapper   vc_box_border_grey\"><img loading=\"lazy\" decoding=\"async\" width=\"266\" height=\"350\" src=\"https:\/\/bb-three.com\/web\/wp-content\/uploads\/2020\/10\/1.jpg\" class=\"vc_single_image-img attachment-full\" alt=\"\" srcset=\"https:\/\/bb-three.com\/web\/wp-content\/uploads\/2020\/10\/1.jpg 266w, https:\/\/bb-three.com\/web\/wp-content\/uploads\/2020\/10\/1-228x300.jpg 228w\" sizes=\"(max-width: 266px) 100vw, 266px\" \/><\/div>\n\t\t<\/figure>\n\t<\/div>\n<\/div><\/div><\/div><div class=\"wpb_column vc_column_container vc_col-sm-2\"><div class=\"vc_column-inner \"><div class=\"wpb_wrapper\">\n\t<div  class=\"wpb_single_image wpb_content_element vc_align_left\">\n\t\t\n\t\t<figure class=\"wpb_wrapper vc_figure\">\n\t\t\t<div class=\"vc_single_image-wrapper   vc_box_border_grey\"><img loading=\"lazy\" decoding=\"async\" width=\"315\" height=\"415\" src=\"https:\/\/bb-three.com\/web\/wp-content\/uploads\/2022\/05\/3.jpg\" class=\"vc_single_image-img attachment-full\" alt=\"\" srcset=\"https:\/\/bb-three.com\/web\/wp-content\/uploads\/2022\/05\/3.jpg 315w, https:\/\/bb-three.com\/web\/wp-content\/uploads\/2022\/05\/3-228x300.jpg 228w, https:\/\/bb-three.com\/web\/wp-content\/uploads\/2022\/05\/3-300x395.jpg 300w\" sizes=\"(max-width: 315px) 100vw, 315px\" \/><\/div>\n\t\t<\/figure>\n\t<\/div>\n<\/div><\/div><\/div><div class=\"wpb_column vc_column_container vc_col-sm-2\"><div class=\"vc_column-inner \"><div class=\"wpb_wrapper\">\n\t<div  class=\"wpb_single_image wpb_content_element vc_align_left\">\n\t\t\n\t\t<figure class=\"wpb_wrapper vc_figure\">\n\t\t\t<div class=\"vc_single_image-wrapper   vc_box_border_grey\"><img loading=\"lazy\" decoding=\"async\" width=\"276\" height=\"413\" src=\"https:\/\/bb-three.com\/web\/wp-content\/uploads\/2022\/05\/4.jpg\" class=\"vc_single_image-img attachment-full\" alt=\"\" srcset=\"https:\/\/bb-three.com\/web\/wp-content\/uploads\/2022\/05\/4.jpg 276w, https:\/\/bb-three.com\/web\/wp-content\/uploads\/2022\/05\/4-200x300.jpg 200w\" sizes=\"(max-width: 276px) 100vw, 276px\" \/><\/div>\n\t\t<\/figure>\n\t<\/div>\n<\/div><\/div><\/div><div class=\"wpb_column vc_column_container vc_col-sm-2\"><div class=\"vc_column-inner \"><div class=\"wpb_wrapper\">\n\t<div  class=\"wpb_single_image wpb_content_element vc_align_left\">\n\t\t\n\t\t<figure class=\"wpb_wrapper vc_figure\">\n\t\t\t<div class=\"vc_single_image-wrapper   vc_box_border_grey\"><img loading=\"lazy\" decoding=\"async\" width=\"274\" height=\"415\" src=\"https:\/\/bb-three.com\/web\/wp-content\/uploads\/2022\/05\/5.jpg\" class=\"vc_single_image-img attachment-full\" alt=\"\" srcset=\"https:\/\/bb-three.com\/web\/wp-content\/uploads\/2022\/05\/5.jpg 274w, https:\/\/bb-three.com\/web\/wp-content\/uploads\/2022\/05\/5-198x300.jpg 198w\" sizes=\"(max-width: 274px) 100vw, 274px\" \/><\/div>\n\t\t<\/figure>\n\t<\/div>\n<\/div><\/div><\/div><div class=\"wpb_column vc_column_container vc_col-sm-2\"><div class=\"vc_column-inner \"><div class=\"wpb_wrapper\">\n\t<div  class=\"wpb_single_image wpb_content_element vc_align_left\">\n\t\t\n\t\t<figure class=\"wpb_wrapper vc_figure\">\n\t\t\t<div class=\"vc_single_image-wrapper   vc_box_border_grey\"><img loading=\"lazy\" decoding=\"async\" width=\"206\" height=\"350\" src=\"https:\/\/bb-three.com\/web\/wp-content\/uploads\/2020\/10\/1-6-2.jpg\" class=\"vc_single_image-img attachment-full\" alt=\"\" srcset=\"https:\/\/bb-three.com\/web\/wp-content\/uploads\/2020\/10\/1-6-2.jpg 206w, https:\/\/bb-three.com\/web\/wp-content\/uploads\/2020\/10\/1-6-2-177x300.jpg 177w\" sizes=\"(max-width: 206px) 100vw, 206px\" \/><\/div>\n\t\t<\/figure>\n\t<\/div>\n<\/div><\/div><\/div><div class=\"wpb_column vc_column_container vc_col-sm-2\"><div class=\"vc_column-inner \"><div class=\"wpb_wrapper\">\n\t<div  class=\"wpb_single_image wpb_content_element vc_align_left\">\n\t\t\n\t\t<figure class=\"wpb_wrapper vc_figure\">\n\t\t\t<div class=\"vc_single_image-wrapper   vc_box_border_grey\"><img loading=\"lazy\" decoding=\"async\" width=\"210\" height=\"350\" src=\"https:\/\/bb-three.com\/web\/wp-content\/uploads\/2020\/10\/6.jpg\" class=\"vc_single_image-img attachment-full\" alt=\"\" srcset=\"https:\/\/bb-three.com\/web\/wp-content\/uploads\/2020\/10\/6.jpg 210w, https:\/\/bb-three.com\/web\/wp-content\/uploads\/2020\/10\/6-180x300.jpg 180w\" sizes=\"(max-width: 210px) 100vw, 210px\" \/><\/div>\n\t\t<\/figure>\n\t<\/div>\n<\/div><\/div><\/div><\/div><\/div><\/div><\/div><\/div><div class=\"vc_row-full-width vc_clearfix\"><\/div><div class=\"vc_row wpb_row vc_row-fluid\"><div class=\"wpb_column vc_column_container vc_col-sm-12\"><div class=\"vc_column-inner \"><div class=\"wpb_wrapper\"><div id=\"1651665272566-401cbfa5-3463\" class=\"dt-sc-empty-space\"><\/div><\/div><\/div><\/div><\/div><div class=\"vc_row wpb_row vc_row-fluid\"><div class=\"wpb_column vc_column_container vc_col-sm-12\"><div class=\"vc_column-inner \"><div class=\"wpb_wrapper\"><div class=\"vc_separator wpb_content_element vc_separator_align_center vc_sep_width_100 vc_sep_pos_align_center vc_separator_no_text vc_sep_color_grey\" ><span class=\"vc_sep_holder vc_sep_holder_l\"><span  class=\"vc_sep_line\"><\/span><\/span><span class=\"vc_sep_holder vc_sep_holder_r\"><span  class=\"vc_sep_line\"><\/span><\/span>\n<\/div>\n\t<div  class=\"wpb_single_image wpb_content_element vc_align_center\">\n\t\t\n\t\t<figure class=\"wpb_wrapper vc_figure\">\n\t\t\t<div class=\"vc_single_image-wrapper   vc_box_border_grey\"><img loading=\"lazy\" decoding=\"async\" width=\"1667\" height=\"1250\" src=\"https:\/\/bb-three.com\/web\/wp-content\/uploads\/2022\/05\/fougon.jpg\" class=\"vc_single_image-img attachment-full\" alt=\"\" srcset=\"https:\/\/bb-three.com\/web\/wp-content\/uploads\/2022\/05\/fougon.jpg 1667w, https:\/\/bb-three.com\/web\/wp-content\/uploads\/2022\/05\/fougon-300x225.jpg 300w, https:\/\/bb-three.com\/web\/wp-content\/uploads\/2022\/05\/fougon-1024x768.jpg 1024w, https:\/\/bb-three.com\/web\/wp-content\/uploads\/2022\/05\/fougon-768x576.jpg 768w, https:\/\/bb-three.com\/web\/wp-content\/uploads\/2022\/05\/fougon-1536x1152.jpg 1536w, https:\/\/bb-three.com\/web\/wp-content\/uploads\/2022\/05\/fougon-750x562.jpg 750w, https:\/\/bb-three.com\/web\/wp-content\/uploads\/2022\/05\/fougon-540x405.jpg 540w\" sizes=\"(max-width: 1667px) 100vw, 1667px\" \/><\/div>\n\t\t<\/figure>\n\t<\/div>\n<\/div><\/div><\/div><\/div>\n","protected":false},"excerpt":{"rendered":"CompositionUtilisationConseils Couche b\u00e9b\u00e9\u00a0Enjoy est\u00a0de qualit\u00e9 sup\u00e9rieure pour prot\u00e9ger votre b\u00e9b\u00e9 fabriqu\u00e9e \u00e0 partir de mati\u00e8res premi\u00e8res r\u00e9pondant aux normes les plus vigoureuses en mati\u00e8res d\u2019hygi\u00e8ne corporelle et respect de l\u2019environnement.\u200b\u200b Tissu en polypropylene. Super absorbant-Scartch-Pate de bois. Elastique en latex-Colle. Barriers en polypropylene. Positionnez votre b\u00e9b\u00e9 Serrez les attaches. Fermez les attache. V\u00e9rifier les barri\u00e8res [...]","protected":false},"author":1,"featured_media":0,"parent":0,"menu_order":0,"comment_status":"closed","ping_status":"closed","template":"","meta":{"footnotes":""},"_links":{"self":[{"href":"https:\/\/bb-three.com\/web\/wp-json\/wp\/v2\/pages\/5799"}],"collection":[{"href":"https:\/\/bb-three.com\/web\/wp-json\/wp\/v2\/pages"}],"about":[{"href":"https:\/\/bb-three.com\/web\/wp-json\/wp\/v2\/types\/page"}],"author":[{"embeddable":true,"href":"https:\/\/bb-three.com\/web\/wp-json\/wp\/v2\/users\/1"}],"replies":[{"embeddable":true,"href":"https:\/\/bb-three.com\/web\/wp-json\/wp\/v2\/comments?post=5799"}],"version-history":[{"count":11,"href":"https:\/\/bb-three.com\/web\/wp-json\/wp\/v2\/pages\/5799\/revisions"}],"predecessor-version":[{"id":9326,"href":"https:\/\/bb-three.com\/web\/wp-json\/wp\/v2\/pages\/5799\/revisions\/9326"}],"wp:attachment":[{"href":"https:\/\/bb-three.com\/web\/wp-json\/wp\/v2\/media?parent=5799"}],"curies":[{"name":"wp","href":"https:\/\/api.w.org\/{rel}","templated":true}]}}