{"id":1981,"date":"2019-01-01T07:08:21","date_gmt":"2019-01-01T07:08:21","guid":{"rendered":"http:\/\/wedesignthemes.com\/themes\/spalab\/?page_id=1981"},"modified":"2020-10-25T20:19:23","modified_gmt":"2020-10-25T20:19:23","slug":"a-propos-de-nous","status":"publish","type":"page","link":"https:\/\/bb-three.com\/web\/a-propos-de-nous\/","title":{"rendered":"A propos de nous"},"content":{"rendered":"<div class=\"vc_row wpb_row vc_row-fluid\"><div class=\"wpb_column vc_column_container vc_col-sm-12\"><div class=\"vc_column-inner \"><div class=\"wpb_wrapper\"><div id=\"1540294443052-4f90fbfb-ce1b\" class=\"dt-sc-empty-space\"><\/div><div class='dt-sc-title with-two-border with-sub-title '><h2>BB THREE<\/h2><h3>Fabrication de produits d'hygi\u00e8ne<\/h3><\/div><div id=\"1540293575287-74071cba-26fc\" class=\"dt-sc-empty-space\"><\/div><div class=\"vc_row wpb_row vc_inner vc_row-fluid\"><div class=\"wpb_column vc_column_container vc_col-sm-6\"><div class=\"vc_column-inner \"><div class=\"wpb_wrapper\">\n\t<div  class=\"wpb_single_image wpb_content_element vc_align_center\">\n\t\t\n\t\t<figure class=\"wpb_wrapper vc_figure\">\n\t\t\t<div class=\"vc_single_image-wrapper   vc_box_border_grey\"><img loading=\"lazy\" decoding=\"async\" class=\"vc_single_image-img \" src=\"https:\/\/bb-three.com\/web\/wp-content\/uploads\/2018\/10\/favicon-350x350.png\" width=\"350\" height=\"350\" alt=\"favicon\" title=\"favicon\" \/><\/div>\n\t\t<\/figure>\n\t<\/div>\n<\/div><\/div><\/div><div class=\"wpb_column vc_column_container vc_col-sm-6\"><div class=\"vc_column-inner \"><div class=\"wpb_wrapper\">\n\t<div class=\"wpb_text_column wpb_content_element  vc_custom_1603486606639\" >\n\t\t<div class=\"wpb_wrapper\">\n\t\t\t<p>BB THREE est sp\u00e9cialis\u00e9e dans la fabrication de produits d&#8217;hygi\u00e8ne personnelle. Notre entreprise jouit d&#8217;une solide pr\u00e9sence dans le territoire national . Nous proposons des produits pour toutes les tranches d&#8217;\u00e2ge, en utilisant la technologie Allemande . Un grand nombre de d\u00e9taillants et de soci\u00e9t\u00e9s dans notre secteur nous font confiance \u00e0 nos produits de marque .<\/p>\n\n\t\t<\/div>\n\t<\/div>\n<\/div><\/div><\/div><\/div><div id=\"1540293202211-0163f38e-5a1e\" class=\"dt-sc-empty-space\"><\/div><\/div><\/div><\/div><\/div>\n","protected":false},"excerpt":{"rendered":"BB THREEFabrication de produits d'hygi\u00e8ne BB THREE est sp\u00e9cialis\u00e9e dans la fabrication de produits d'hygi\u00e8ne personnelle. Notre entreprise jouit d'une solide pr\u00e9sence dans le territoire national . Nous proposons des produits pour toutes les tranches d'\u00e2ge, en utilisant la technologie Allemande . Un grand nombre de d\u00e9taillants et de soci\u00e9t\u00e9s dans notre secteur nous font [...]","protected":false},"author":1,"featured_media":0,"parent":0,"menu_order":0,"comment_status":"open","ping_status":"closed","template":"","meta":{"footnotes":""},"_links":{"self":[{"href":"https:\/\/bb-three.com\/web\/wp-json\/wp\/v2\/pages\/1981"}],"collection":[{"href":"https:\/\/bb-three.com\/web\/wp-json\/wp\/v2\/pages"}],"about":[{"href":"https:\/\/bb-three.com\/web\/wp-json\/wp\/v2\/types\/page"}],"author":[{"embeddable":true,"href":"https:\/\/bb-three.com\/web\/wp-json\/wp\/v2\/users\/1"}],"replies":[{"embeddable":true,"href":"https:\/\/bb-three.com\/web\/wp-json\/wp\/v2\/comments?post=1981"}],"version-history":[{"count":10,"href":"https:\/\/bb-three.com\/web\/wp-json\/wp\/v2\/pages\/1981\/revisions"}],"predecessor-version":[{"id":9283,"href":"https:\/\/bb-three.com\/web\/wp-json\/wp\/v2\/pages\/1981\/revisions\/9283"}],"wp:attachment":[{"href":"https:\/\/bb-three.com\/web\/wp-json\/wp\/v2\/media?parent=1981"}],"curies":[{"name":"wp","href":"https:\/\/api.w.org\/{rel}","templated":true}]}}